{"id":223,"date":"2025-03-04T12:22:51","date_gmt":"2025-03-04T12:22:51","guid":{"rendered":"https:\/\/otcelche.es\/?page_id=223"},"modified":"2025-10-07T12:53:36","modified_gmt":"2025-10-07T11:53:36","slug":"agenda","status":"publish","type":"page","link":"https:\/\/otcelche.es\/va\/agenda\/","title":{"rendered":"Agenda"},"content":{"rendered":"<div data-elementor-type=\"wp-page\" data-elementor-id=\"223\" class=\"elementor elementor-223\" data-elementor-post-type=\"page\">\n\t\t\t\t<div class=\"elementor-element elementor-element-6b79bb1 e-con-full e-flex qodef-elementor-content-no e-con e-parent\" data-id=\"6b79bb1\" data-element_type=\"container\" data-e-type=\"container\">\n\t\t<div class=\"elementor-element elementor-element-47f82b0 e-con-full e-flex qodef-elementor-content-no e-con e-child\" data-id=\"47f82b0\" data-element_type=\"container\" data-e-type=\"container\">\n\t\t\t\t<\/div>\n\t\t<div class=\"elementor-element elementor-element-928d577 e-con-full e-flex qodef-elementor-content-no e-con e-child\" data-id=\"928d577\" data-element_type=\"container\" data-e-type=\"container\">\n\t\t\t\t<div class=\"elementor-element elementor-element-21db3a8 elementor-widget elementor-widget-text-editor\" data-id=\"21db3a8\" data-element_type=\"widget\" data-e-type=\"widget\" data-widget_type=\"text-editor.default\">\n\t\t\t\t<div class=\"elementor-widget-container\">\n\t\t\t\t\t\t\t\t\t<p data-sourcepos=\"1:1-1:432\">Posa\u2019t al dia de la transici\u00f3 energ\u00e8tica a Elx! En aquesta secci\u00f3 d'\u00abAgenda\u00bb, et presentem un calendari complet d'esdeveniments, tallers i activitats organitzades per l'OTC Elx. Des de jornades informatives sobre comunitats energ\u00e8tiques locals fins a cursos de formaci\u00f3 en efici\u00e8ncia energ\u00e8tica, trobar\u00e0s una \u00e0mplia varietat d'oportunitats per a aprendre, participar i contribuir a la transformaci\u00f3 de la nostra ciutat.<\/p><p data-sourcepos=\"3:1-3:215\">No et perdes cap de les nostres iniciatives. Consulta regularment aquesta agenda per a con\u00e9ixer les \u00faltimes novetats i planificar la teua participaci\u00f3. Junts, constru\u00efm un futur energ\u00e8tic m\u00e9s sostenible per a Elx!<\/p>\t\t\t\t\t\t\t\t<\/div>\n\t\t\t\t<\/div>\n\t\t\t\t<\/div>\n\t\t<div class=\"elementor-element elementor-element-bcf0c4d e-con-full e-flex qodef-elementor-content-no e-con e-child\" data-id=\"bcf0c4d\" data-element_type=\"container\" data-e-type=\"container\">\n\t\t\t\t<\/div>\n\t\t\t\t<\/div>\n\t\t<div class=\"elementor-element elementor-element-887da20 e-flex e-con-boxed qodef-elementor-content-no e-con e-parent\" data-id=\"887da20\" data-element_type=\"container\" data-e-type=\"container\" data-settings=\"{&quot;shape_divider_bottom&quot;:&quot;mountains&quot;}\">\n\t\t\t\t\t<div class=\"e-con-inner\">\n\t\t\t\t<div class=\"elementor-shape elementor-shape-bottom\" aria-hidden=\"true\" data-negative=\"false\">\n\t\t\t<svg xmlns=\"http:\/\/www.w3.org\/2000\/svg\" viewbox=\"0 0 1000 100\" preserveaspectratio=\"none\">\n\t<path class=\"elementor-shape-fill\" opacity=\"0.33\" d=\"M473,67.3c-203.9,88.3-263.1-34-320.3,0C66,119.1,0,59.7,0,59.7V0h1000v59.7 c0,0-62.1,26.1-94.9,29.3c-32.8,3.3-62.8-12.3-75.8-22.1C806,49.6,745.3,8.7,694.9,4.7S492.4,59,473,67.3z\"\/>\n\t<path class=\"elementor-shape-fill\" opacity=\"0.66\" d=\"M734,67.3c-45.5,0-77.2-23.2-129.1-39.1c-28.6-8.7-150.3-10.1-254,39.1 s-91.7-34.4-149.2,0C115.7,118.3,0,39.8,0,39.8V0h1000v36.5c0,0-28.2-18.5-92.1-18.5C810.2,18.1,775.7,67.3,734,67.3z\"\/>\n\t<path class=\"elementor-shape-fill\" d=\"M766.1,28.9c-200-57.5-266,65.5-395.1,19.5C242,1.8,242,5.4,184.8,20.6C128,35.8,132.3,44.9,89.9,52.5C28.6,63.7,0,0,0,0 h1000c0,0-9.9,40.9-83.6,48.1S829.6,47,766.1,28.9z\"\/>\n<\/svg>\t\t<\/div>\n\t\t<div class=\"elementor-element elementor-element-dae3ba5 e-con-full e-flex qodef-elementor-content-no e-con e-child\" data-id=\"dae3ba5\" data-element_type=\"container\" data-e-type=\"container\">\n\t\t\t\t<div class=\"elementor-element elementor-element-37b8dd7 elementor-widget elementor-widget-spacer\" data-id=\"37b8dd7\" data-element_type=\"widget\" data-e-type=\"widget\" data-widget_type=\"spacer.default\">\n\t\t\t\t<div class=\"elementor-widget-container\">\n\t\t\t\t\t\t\t<div class=\"elementor-spacer\">\n\t\t\t<div class=\"elementor-spacer-inner\"><\/div>\n\t\t<\/div>\n\t\t\t\t\t\t<\/div>\n\t\t\t\t<\/div>\n\t\t\t\t<\/div>\n\t\t\t\t\t<\/div>\n\t\t\t\t<\/div>\n\t\t<div class=\"elementor-element elementor-element-fd7c6f6 e-flex e-con-boxed qodef-elementor-content-no e-con e-parent\" data-id=\"fd7c6f6\" data-element_type=\"container\" data-e-type=\"container\" data-settings=\"{&quot;background_background&quot;:&quot;classic&quot;}\">\n\t\t\t\t\t<div class=\"e-con-inner\">\n\t\t<div class=\"elementor-element elementor-element-3906a4e e-con-full e-flex qodef-elementor-content-no e-con e-child\" data-id=\"3906a4e\" data-element_type=\"container\" data-e-type=\"container\">\n\t\t\t\t<div class=\"elementor-element elementor-element-623ea55 elementor-widget elementor-widget-spacer\" data-id=\"623ea55\" data-element_type=\"widget\" data-e-type=\"widget\" data-widget_type=\"spacer.default\">\n\t\t\t\t<div class=\"elementor-widget-container\">\n\t\t\t\t\t\t\t<div class=\"elementor-spacer\">\n\t\t\t<div class=\"elementor-spacer-inner\"><\/div>\n\t\t<\/div>\n\t\t\t\t\t\t<\/div>\n\t\t\t\t<\/div>\n\t\t\t\t<\/div>\n\t\t\t\t\t<\/div>\n\t\t\t\t<\/div>\n\t\t<div class=\"elementor-element elementor-element-a62ffef e-flex e-con-boxed qodef-elementor-content-no e-con e-parent\" data-id=\"a62ffef\" data-element_type=\"container\" data-e-type=\"container\" data-settings=\"{&quot;background_background&quot;:&quot;classic&quot;}\">\n\t\t\t\t\t<div class=\"e-con-inner\">\n\t\t<div class=\"elementor-element elementor-element-c41b1bf e-con-full e-flex qodef-elementor-content-no e-con e-child\" data-id=\"c41b1bf\" data-element_type=\"container\" data-e-type=\"container\">\n\t\t\t\t<div class=\"elementor-element elementor-element-2088948 elementor-widget elementor-widget-heading\" data-id=\"2088948\" data-element_type=\"widget\" data-e-type=\"widget\" data-widget_type=\"heading.default\">\n\t\t\t\t<div class=\"elementor-widget-container\">\n\t\t\t\t\t<h2 class=\"elementor-heading-title elementor-size-default\">No et perdes ni un sol esdeveniment!<\/h2>\t\t\t\t<\/div>\n\t\t\t\t<\/div>\n\t\t\t\t<\/div>\n\t\t<div class=\"elementor-element elementor-element-cd8ffc5 e-con-full e-flex qodef-elementor-content-no e-con e-child\" data-id=\"cd8ffc5\" data-element_type=\"container\" data-e-type=\"container\">\n\t\t\t\t<div class=\"elementor-element elementor-element-08d579c elementor-widget elementor-widget-text-editor\" data-id=\"08d579c\" data-element_type=\"widget\" data-e-type=\"widget\" data-widget_type=\"text-editor.default\">\n\t\t\t\t<div class=\"elementor-widget-container\">\n\t\t\t\t\t\t\t\t\t<p>Tenim un calendari replet d'esdeveniments per a tu. No et perdes ni una sola de les activitats que hem preparat per a estar al dia de totes les nostres novetats.<\/p>\t\t\t\t\t\t\t\t<\/div>\n\t\t\t\t<\/div>\n\t\t\t\t<\/div>\n\t\t\t\t\t<\/div>\n\t\t\t\t<\/div>\n\t\t<div class=\"elementor-element elementor-element-b198676 e-con-full e-flex qodef-elementor-content-no e-con e-parent\" data-id=\"b198676\" data-element_type=\"container\" data-e-type=\"container\" data-settings=\"{&quot;background_background&quot;:&quot;classic&quot;}\">\n\t\t<div class=\"elementor-element elementor-element-009d40b e-con-full e-flex qodef-elementor-content-no e-con e-child\" data-id=\"009d40b\" data-element_type=\"container\" data-e-type=\"container\">\n\t\t\t\t<div class=\"elementor-element elementor-element-1459384 elementor-widget__width-inherit elementor-widget elementor-widget-the-events-calendar-addon\" data-id=\"1459384\" data-element_type=\"widget\" data-e-type=\"widget\" data-widget_type=\"the-events-calendar-addon.default\">\n\t\t\t\t<div class=\"elementor-widget-container\">\n\t\t\t\t\t<div class=\"ectbe-calendar-wrapper\"><div class=\"ectbe_calendar_events_spinner\"><img decoding=\"async\" src=\"https:\/\/otcelche.es\/wp-content\/plugins\/events-widgets-for-elementor-and-the-events-calendar\/assets\/images\/ectbe-preloader.gif\"><\/div><div id=\"ectbe-event-calendar-1459384\" class=\"ectbe-event-calendar-cls\" data-cal_id=\"1459384\" data-locale=\"va\" data-defaultview=\"dayGridMonth\" data-first_day=\"1\" data-daterange=\"\" data-rangestart=\"\" data-rangeend=\"\" data-max_events=\"\" data-ev_category=\"[&quot;all&quot;]\" data-textcolor=\"#010101\" data-color=\"#005535\"><\/div><div id=\"ectbe-popup-wraper\" class=\"ectbe-modal ectbe-zoom-in\">\n            <div class=\"ectbe-ec-modal-bg\"><\/div>\n            <div class=\"ectbe-modal-content\">\n                <div class=\"ectbe-featured-img\"><\/div>\n                <div class=\"ectbe-modal-header\">                    \n                    <div class=\"ectbe-modal-close\"><span>X<\/span><\/div>\n                    <h2 class=\"ectbe-ec-modal-title\"><\/h2>\n                    <span class=\"ectbe-event-date-start ectbe-event-popup-date\"><\/span>\n                    <span class=\"ectbe-event-date-end ectbe-event-popup-date\"><\/span>\n                <\/div>\n                <div class=\"ectbe-modal-body\">\n                    <span class=\"ectbe-cost\"><\/span>\n                    <p><\/p>\n                <\/div><div class=\"ectbe-modal-footer\">\n                        <a class=\"ectbe-event-details-link\"><button>Read More<\/button><\/a>\n                    <\/div><\/div>\n        <\/div><\/div>\t\t\t\t<\/div>\n\t\t\t\t<\/div>\n\t\t\t\t<\/div>\n\t\t<div class=\"elementor-element elementor-element-498733f e-con-full e-flex qodef-elementor-content-no e-con e-child\" data-id=\"498733f\" data-element_type=\"container\" data-e-type=\"container\">\n\t\t\t\t<div class=\"elementor-element elementor-element-fc7c68a elementor-widget elementor-widget-html\" data-id=\"fc7c68a\" data-element_type=\"widget\" data-e-type=\"widget\" data-widget_type=\"html.default\">\n\t\t\t\t<div class=\"elementor-widget-container\">\n\t\t\t\t\t<style scoped> iframe[data-tec-events-ece-iframe=\"true\"] { width: 100%; height: 100%; max-width: 100%; } @media screen and (min-width: 600px) { iframe[data-tec-events-ece-iframe=\"true\"] { height: 100vw; } } @media screen and (min-width: 853px) { iframe[data-tec-events-ece-iframe=\"true\"] { height: 1065px; } } <\/style> <iframe data-tec-events-ece-iframe=\"true\" src=\"https:\/\/otcelche.es\/calendar-embed\/oRdyjn9iYsl\/embed\/\" frameborder=\"0\" ><\/iframe>\t\t\t\t<\/div>\n\t\t\t\t<\/div>\n\t\t\t\t<\/div>\n\t\t\t\t<\/div>\n\t\t<div class=\"elementor-element elementor-element-6660ed1 e-flex e-con-boxed qodef-elementor-content-no e-con e-parent\" data-id=\"6660ed1\" data-element_type=\"container\" data-e-type=\"container\" data-settings=\"{&quot;background_background&quot;:&quot;classic&quot;}\">\n\t\t\t\t\t<div class=\"e-con-inner\">\n\t\t<div class=\"elementor-element elementor-element-f98228c e-con-full e-flex qodef-elementor-content-no e-con e-child\" data-id=\"f98228c\" data-element_type=\"container\" data-e-type=\"container\">\n\t\t\t\t<div class=\"elementor-element elementor-element-7b4cd9c elementor-widget elementor-widget-spacer\" data-id=\"7b4cd9c\" data-element_type=\"widget\" data-e-type=\"widget\" data-widget_type=\"spacer.default\">\n\t\t\t\t<div class=\"elementor-widget-container\">\n\t\t\t\t\t\t\t<div class=\"elementor-spacer\">\n\t\t\t<div class=\"elementor-spacer-inner\"><\/div>\n\t\t<\/div>\n\t\t\t\t\t\t<\/div>\n\t\t\t\t<\/div>\n\t\t\t\t<\/div>\n\t\t\t\t\t<\/div>\n\t\t\t\t<\/div>\n\t\t\t\t<\/div>","protected":false},"excerpt":{"rendered":"<p>Mantente al d\u00eda de la transici\u00f3n energ\u00e9tica en Elche! En esta secci\u00f3n de \u00abAgenda\u00bb, te presentamos un calendario completo de eventos, talleres y actividades organizadas por la OTC Elche. Desde [&hellip;]<\/p>","protected":false},"author":2,"featured_media":0,"parent":0,"menu_order":0,"comment_status":"closed","ping_status":"closed","template":"page-container-wide","meta":{"_EventAllDay":false,"_EventTimezone":"","_EventStartDate":"","_EventEndDate":"","_EventStartDateUTC":"","_EventEndDateUTC":"","_EventShowMap":false,"_EventShowMapLink":false,"_EventURL":"","_EventCost":"","_EventCostDescription":"","_EventCurrencySymbol":"","_EventCurrencyCode":"","_EventCurrencyPosition":"","_EventDateTimeSeparator":"","_EventTimeRangeSeparator":"","_EventOrganizerID":[],"_EventVenueID":[],"_OrganizerEmail":"","_OrganizerPhone":"","_OrganizerWebsite":"","_VenueAddress":"","_VenueCity":"","_VenueCountry":"","_VenueProvince":"","_VenueState":"","_VenueZip":"","_VenuePhone":"","_VenueURL":"","_VenueStateProvince":"","_VenueLat":"","_VenueLng":"","_VenueShowMap":false,"_VenueShowMapLink":false,"_joinchat":[],"footnotes":""},"class_list":["post-223","page","type-page","status-publish","hentry"],"_links":{"self":[{"href":"https:\/\/otcelche.es\/va\/wp-json\/wp\/v2\/pages\/223","targetHints":{"allow":["GET"]}}],"collection":[{"href":"https:\/\/otcelche.es\/va\/wp-json\/wp\/v2\/pages"}],"about":[{"href":"https:\/\/otcelche.es\/va\/wp-json\/wp\/v2\/types\/page"}],"author":[{"embeddable":true,"href":"https:\/\/otcelche.es\/va\/wp-json\/wp\/v2\/users\/2"}],"replies":[{"embeddable":true,"href":"https:\/\/otcelche.es\/va\/wp-json\/wp\/v2\/comments?post=223"}],"version-history":[{"count":139,"href":"https:\/\/otcelche.es\/va\/wp-json\/wp\/v2\/pages\/223\/revisions"}],"predecessor-version":[{"id":2405,"href":"https:\/\/otcelche.es\/va\/wp-json\/wp\/v2\/pages\/223\/revisions\/2405"}],"wp:attachment":[{"href":"https:\/\/otcelche.es\/va\/wp-json\/wp\/v2\/media?parent=223"}],"curies":[{"name":"wp","href":"https:\/\/api.w.org\/{rel}","templated":true}]}}