{"id":485,"date":"2025-03-05T16:35:28","date_gmt":"2025-03-05T16:35:28","guid":{"rendered":"https:\/\/otcelche.es\/?page_id=485"},"modified":"2025-03-31T07:52:30","modified_gmt":"2025-03-31T06:52:30","slug":"noticias","status":"publish","type":"page","link":"https:\/\/otcelche.es\/va\/noticias\/","title":{"rendered":"Not\u00edcies"},"content":{"rendered":"<div data-elementor-type=\"wp-page\" data-elementor-id=\"485\" class=\"elementor elementor-485\" data-elementor-post-type=\"page\">\n\t\t\t\t<div class=\"elementor-element elementor-element-c494844 e-con-full e-flex qodef-elementor-content-no e-con e-parent\" data-id=\"c494844\" data-element_type=\"container\" data-e-type=\"container\">\n\t\t\t\t<div class=\"elementor-element elementor-element-8179456 elementor-widget elementor-widget-heading\" data-id=\"8179456\" data-element_type=\"widget\" data-e-type=\"widget\" data-widget_type=\"heading.default\">\n\t\t\t\t<div class=\"elementor-widget-container\">\n\t\t\t\t\t<h2 class=\"elementor-heading-title elementor-size-default\">Vols estar al dia de l'OTC Elx?<\/h2>\t\t\t\t<\/div>\n\t\t\t\t<\/div>\n\t\t\t\t<div class=\"elementor-element elementor-element-3131571 elementor-widget elementor-widget-text-editor\" data-id=\"3131571\" data-element_type=\"widget\" data-e-type=\"widget\" data-widget_type=\"text-editor.default\">\n\t\t\t\t<div class=\"elementor-widget-container\">\n\t\t\t\t\t\t\t\t\t<p><span style=\"color: #ffffff;\">Benvinguts al blog de novetats de l'OTC Elx! Ac\u00ed trobar\u00e0s les \u00faltimes not\u00edcies, esdeveniments i projectes relacionats amb la transici\u00f3 energ\u00e8tica a la nostra ciutat. Des d'avan\u00e7os en comunitats energ\u00e8tiques locals fins a consells per a estalviar energia en la teua llar, et mantindrem al dia amb tot el que necessites con\u00e8ixer per a construir un futur m\u00e9s sostenible.<\/span><\/p><p>A m\u00e9s, t'oferirem informaci\u00f3 sobre les \u00faltimes tecnologies en energies renovables, consells pr\u00e0ctics per a reduir la teua petjada de carboni i entrevistes amb experts en el sector. La nostra missi\u00f3 \u00e9s convertir-nos en la teua font d'informaci\u00f3 de confian\u00e7a i actualitzada sobre la transici\u00f3 energ\u00e8tica a Elx, impulsant junts un futur m\u00e9s verd i sostenible.<span style=\"color: #ffffff;\"><\/span><\/p>\t\t\t\t\t\t\t\t<\/div>\n\t\t\t\t<\/div>\n\t\t\t\t<\/div>\n\t\t<div class=\"elementor-element elementor-element-35bf69a e-con-full e-flex qodef-elementor-content-no e-con e-parent\" data-id=\"35bf69a\" data-element_type=\"container\" data-e-type=\"container\" data-settings=\"{&quot;shape_divider_bottom&quot;:&quot;mountains&quot;}\">\n\t\t\t\t<div class=\"elementor-shape elementor-shape-bottom\" aria-hidden=\"true\" data-negative=\"false\">\n\t\t\t<svg xmlns=\"http:\/\/www.w3.org\/2000\/svg\" viewbox=\"0 0 1000 100\" preserveaspectratio=\"none\">\n\t<path class=\"elementor-shape-fill\" opacity=\"0.33\" d=\"M473,67.3c-203.9,88.3-263.1-34-320.3,0C66,119.1,0,59.7,0,59.7V0h1000v59.7 c0,0-62.1,26.1-94.9,29.3c-32.8,3.3-62.8-12.3-75.8-22.1C806,49.6,745.3,8.7,694.9,4.7S492.4,59,473,67.3z\"\/>\n\t<path class=\"elementor-shape-fill\" opacity=\"0.66\" d=\"M734,67.3c-45.5,0-77.2-23.2-129.1-39.1c-28.6-8.7-150.3-10.1-254,39.1 s-91.7-34.4-149.2,0C115.7,118.3,0,39.8,0,39.8V0h1000v36.5c0,0-28.2-18.5-92.1-18.5C810.2,18.1,775.7,67.3,734,67.3z\"\/>\n\t<path class=\"elementor-shape-fill\" d=\"M766.1,28.9c-200-57.5-266,65.5-395.1,19.5C242,1.8,242,5.4,184.8,20.6C128,35.8,132.3,44.9,89.9,52.5C28.6,63.7,0,0,0,0 h1000c0,0-9.9,40.9-83.6,48.1S829.6,47,766.1,28.9z\"\/>\n<\/svg>\t\t<\/div>\n\t\t\t\t<div class=\"elementor-element elementor-element-d514be6 elementor-widget elementor-widget-spacer\" data-id=\"d514be6\" data-element_type=\"widget\" data-e-type=\"widget\" data-widget_type=\"spacer.default\">\n\t\t\t\t<div class=\"elementor-widget-container\">\n\t\t\t\t\t\t\t<div class=\"elementor-spacer\">\n\t\t\t<div class=\"elementor-spacer-inner\"><\/div>\n\t\t<\/div>\n\t\t\t\t\t\t<\/div>\n\t\t\t\t<\/div>\n\t\t\t\t<\/div>\n\t\t<div class=\"elementor-element elementor-element-363d2a9 e-con-full e-flex qodef-elementor-content-no e-con e-parent\" data-id=\"363d2a9\" data-element_type=\"container\" data-e-type=\"container\" data-settings=\"{&quot;background_background&quot;:&quot;classic&quot;}\">\n\t\t\t\t<div class=\"elementor-element elementor-element-fad5e66 elementor-widget__width-initial elementor-hidden-tablet elementor-hidden-mobile elementor-widget elementor-widget-qode_essential_addons_blog_list\" data-id=\"fad5e66\" data-element_type=\"widget\" data-e-type=\"widget\" data-widget_type=\"qode_essential_addons_blog_list.default\">\n\t\t\t\t<div class=\"elementor-widget-container\">\n\t\t\t\t\t<div class=\"qodef-shortcode qodef-m  qodef-blog-shortcode qodef--list qodef-item-layout--standard qodef-content-has-background-color qodef-grid qodef-layout--masonry  qodef-gutter--normal qodef-col-num--3  qodef-item-layout--standard qodef-responsive--custom qodef-col-num--1680--3 qodef-col-num--1440--3 qodef-col-num--1366--3 qodef-col-num--1024--3 qodef-col-num--768--3 qodef-col-num--680--3 qodef-col-num--480--3\" >\n\t<div class=\"qodef-grid-inner\">\n\t\t\t<div class=\"qodef-grid-masonry-sizer\"><\/div>\n<article class=\"qodef-e qodef-blog-item qodef-grid-item post-1718 post type-post status-publish format-standard has-post-thumbnail hentry category-noticias\">\n\t<div class=\"qodef-e-inner\">\n\t\t<div class=\"qodef-e-media\">\n\t\t<div class=\"qodef-e-media-image\">\n\t\t<a itemprop=\"url\" href=\"https:\/\/otcelche.es\/va\/sabes-que-es-una-comunidad-energetica-local-cel-2-2\/\">\n\t\t\t<img fetchpriority=\"high\" decoding=\"async\" width=\"2500\" height=\"2500\" src=\"https:\/\/otcelche.es\/wp-content\/uploads\/2025\/03\/Linkedin-Post_II-ENCUENTRO_avaesen-1.jpg\" class=\"attachment-full size-full wp-post-image\" alt=\"\" srcset=\"https:\/\/otcelche.es\/wp-content\/uploads\/2025\/03\/Linkedin-Post_II-ENCUENTRO_avaesen-1.jpg 2500w, https:\/\/otcelche.es\/wp-content\/uploads\/2025\/03\/Linkedin-Post_II-ENCUENTRO_avaesen-1-300x300.jpg 300w, https:\/\/otcelche.es\/wp-content\/uploads\/2025\/03\/Linkedin-Post_II-ENCUENTRO_avaesen-1-1024x1024.jpg 1024w, https:\/\/otcelche.es\/wp-content\/uploads\/2025\/03\/Linkedin-Post_II-ENCUENTRO_avaesen-1-150x150.jpg 150w, https:\/\/otcelche.es\/wp-content\/uploads\/2025\/03\/Linkedin-Post_II-ENCUENTRO_avaesen-1-768x768.jpg 768w, https:\/\/otcelche.es\/wp-content\/uploads\/2025\/03\/Linkedin-Post_II-ENCUENTRO_avaesen-1-1536x1536.jpg 1536w, https:\/\/otcelche.es\/wp-content\/uploads\/2025\/03\/Linkedin-Post_II-ENCUENTRO_avaesen-1-2048x2048.jpg 2048w, https:\/\/otcelche.es\/wp-content\/uploads\/2025\/03\/Linkedin-Post_II-ENCUENTRO_avaesen-1-12x12.jpg 12w, https:\/\/otcelche.es\/wp-content\/uploads\/2025\/03\/Linkedin-Post_II-ENCUENTRO_avaesen-1-1170x1170.jpg 1170w, https:\/\/otcelche.es\/wp-content\/uploads\/2025\/03\/Linkedin-Post_II-ENCUENTRO_avaesen-1-650x650.jpg 650w, https:\/\/otcelche.es\/wp-content\/uploads\/2025\/03\/Linkedin-Post_II-ENCUENTRO_avaesen-1-1300x1300.jpg 1300w\" sizes=\"(max-width: 2500px) 100vw, 2500px\" \/>\t\t<\/a>\n\t\t\t<\/div>\n<\/div>\n\t\t<div class=\"qodef-e-content\" >\n\t\t\t\t\t\t<div class=\"qodef-e-text\">\n\t\t\t\t<h5 itemprop=\"name\" class=\"qodef-e-title entry-title\" >\n\t<a itemprop=\"url\" class=\"qodef-e-title-link\" href=\"https:\/\/otcelche.es\/va\/sabes-que-es-una-comunidad-energetica-local-cel-2-2\/\">\n\t\tSave the Date!\t<\/a>\n<\/h5>\n\t\t<p itemprop=\"description\" class=\"qodef-e-excerpt\">\n\t\t\tSave the date! II Encuentro Nacional de Oficinas de Transformaci\u00f3n Comunitaria \u00a0 Nos complace anunciar el II Encuentro Nacional de Oficinas de Trasformaci\u00f3n Comunitaria, un espa\t\t<\/p>\n\t\t\t\t<\/div>\n\t\t\t\t\t\t\t<div class=\"qodef-e-info qodef-info--bottom\">\n\t\t\t\t\t\t<div class=\"qodef-e-read-more\" >\n\t\t<a itemprop=\"url\" class=\"qodef-e-read-more-link\" href=\"https:\/\/otcelche.es\/va\/sabes-que-es-una-comunidad-energetica-local-cel-2-2\/\">\n\t\t\tLlegir m\u00e9s<svg class=\"qodef-theme-button-icon\" xmlns=\"http:\/\/www.w3.org\/2000\/svg\" x=\"0px\" y=\"0px\" viewbox=\"0 0 1015 771\" xml:space=\"preserve\"><polygon points=\"34.5,307.5 684.2,307.5 513,136.4 629,20.4 882.1,273.5 998.1,389.5 882.1,505.5 629,758.6 513,642.7 684.2,471.5 34.5,471.5 \"\/><\/svg>\t\t<\/a>\n\t<\/div>\n\t\t\t\t<\/div>\n\t\t\t\t\t<\/div>\n\t<\/div>\n<\/article>\n<article class=\"qodef-e qodef-blog-item qodef-grid-item post-1597 post type-post status-publish format-standard has-post-thumbnail hentry category-noticias\">\n\t<div class=\"qodef-e-inner\">\n\t\t<div class=\"qodef-e-media\">\n\t\t<div class=\"qodef-e-media-image\">\n\t\t<a itemprop=\"url\" href=\"https:\/\/otcelche.es\/va\/sabes-que-es-una-comunidad-energetica-local-cel-2\/\">\n\t\t\t<img decoding=\"async\" width=\"1200\" height=\"1200\" src=\"https:\/\/otcelche.es\/wp-content\/uploads\/2025\/03\/imagen-presentacion-elche-27.png\" class=\"attachment-full size-full wp-post-image\" alt=\"\" srcset=\"https:\/\/otcelche.es\/wp-content\/uploads\/2025\/03\/imagen-presentacion-elche-27.png 1200w, https:\/\/otcelche.es\/wp-content\/uploads\/2025\/03\/imagen-presentacion-elche-27-300x300.png 300w, https:\/\/otcelche.es\/wp-content\/uploads\/2025\/03\/imagen-presentacion-elche-27-1024x1024.png 1024w, https:\/\/otcelche.es\/wp-content\/uploads\/2025\/03\/imagen-presentacion-elche-27-150x150.png 150w, https:\/\/otcelche.es\/wp-content\/uploads\/2025\/03\/imagen-presentacion-elche-27-768x768.png 768w, https:\/\/otcelche.es\/wp-content\/uploads\/2025\/03\/imagen-presentacion-elche-27-1170x1170.png 1170w, https:\/\/otcelche.es\/wp-content\/uploads\/2025\/03\/imagen-presentacion-elche-27-650x650.png 650w\" sizes=\"(max-width: 1200px) 100vw, 1200px\" \/>\t\t<\/a>\n\t\t\t<\/div>\n<\/div>\n\t\t<div class=\"qodef-e-content\" >\n\t\t\t\t\t\t<div class=\"qodef-e-text\">\n\t\t\t\t<h5 itemprop=\"name\" class=\"qodef-e-title entry-title\" >\n\t<a itemprop=\"url\" class=\"qodef-e-title-link\" href=\"https:\/\/otcelche.es\/va\/sabes-que-es-una-comunidad-energetica-local-cel-2\/\">\n\t\tElx fa un pas ferm cap a la transformaci\u00f3 digital amb la inauguraci\u00f3 de la seua Oficina de Transformaci\u00f3 Comunit\u00e0ria (OTC)\t<\/a>\n<\/h5>\n\t\t<p itemprop=\"description\" class=\"qodef-e-excerpt\">\n\t\t\tElx fa un pas ferm cap a la transformaci\u00f3 digital amb la inauguraci\u00f3 de la seua Oficina de Transformaci\u00f3 Comunit\u00e0ria (OTC) Elx, [26 de mar\u00e7 de 2025] \u2013 El municipi de\t\t<\/p>\n\t\t\t\t<\/div>\n\t\t\t\t\t\t\t<div class=\"qodef-e-info qodef-info--bottom\">\n\t\t\t\t\t\t<div class=\"qodef-e-read-more\" >\n\t\t<a itemprop=\"url\" class=\"qodef-e-read-more-link\" href=\"https:\/\/otcelche.es\/va\/sabes-que-es-una-comunidad-energetica-local-cel-2\/\">\n\t\t\tLlegir m\u00e9s<svg class=\"qodef-theme-button-icon\" xmlns=\"http:\/\/www.w3.org\/2000\/svg\" x=\"0px\" y=\"0px\" viewbox=\"0 0 1015 771\" xml:space=\"preserve\"><polygon points=\"34.5,307.5 684.2,307.5 513,136.4 629,20.4 882.1,273.5 998.1,389.5 882.1,505.5 629,758.6 513,642.7 684.2,471.5 34.5,471.5 \"\/><\/svg>\t\t<\/a>\n\t<\/div>\n\t\t\t\t<\/div>\n\t\t\t\t\t<\/div>\n\t<\/div>\n<\/article>\n<article class=\"qodef-e qodef-blog-item qodef-grid-item post-722 post type-post status-publish format-standard has-post-thumbnail hentry category-noticias\">\n\t<div class=\"qodef-e-inner\">\n\t\t<div class=\"qodef-e-media\">\n\t\t<div class=\"qodef-e-media-image\">\n\t\t<a itemprop=\"url\" href=\"https:\/\/otcelche.es\/va\/sabes-que-es-una-comunidad-energetica-local-cel\/\">\n\t\t\t<img decoding=\"async\" width=\"1200\" height=\"1200\" src=\"https:\/\/otcelche.es\/wp-content\/uploads\/2025\/03\/imagen-comunidad-energetica-local-1.png\" class=\"attachment-full size-full wp-post-image\" alt=\"\" srcset=\"https:\/\/otcelche.es\/wp-content\/uploads\/2025\/03\/imagen-comunidad-energetica-local-1.png 1200w, https:\/\/otcelche.es\/wp-content\/uploads\/2025\/03\/imagen-comunidad-energetica-local-1-300x300.png 300w, https:\/\/otcelche.es\/wp-content\/uploads\/2025\/03\/imagen-comunidad-energetica-local-1-1024x1024.png 1024w, https:\/\/otcelche.es\/wp-content\/uploads\/2025\/03\/imagen-comunidad-energetica-local-1-150x150.png 150w, https:\/\/otcelche.es\/wp-content\/uploads\/2025\/03\/imagen-comunidad-energetica-local-1-768x768.png 768w, https:\/\/otcelche.es\/wp-content\/uploads\/2025\/03\/imagen-comunidad-energetica-local-1-1170x1170.png 1170w, https:\/\/otcelche.es\/wp-content\/uploads\/2025\/03\/imagen-comunidad-energetica-local-1-650x650.png 650w\" sizes=\"(max-width: 1200px) 100vw, 1200px\" \/>\t\t<\/a>\n\t\t\t<\/div>\n<\/div>\n\t\t<div class=\"qodef-e-content\" >\n\t\t\t\t\t\t<div class=\"qodef-e-text\">\n\t\t\t\t<h5 itemprop=\"name\" class=\"qodef-e-title entry-title\" >\n\t<a itemprop=\"url\" class=\"qodef-e-title-link\" href=\"https:\/\/otcelche.es\/va\/sabes-que-es-una-comunidad-energetica-local-cel\/\">\n\t\tSaps qu\u00e8 \u00e9s una Comunitat Energ\u00e8tica Local (CEL)?\t<\/a>\n<\/h5>\n\t\t<p itemprop=\"description\" class=\"qodef-e-excerpt\">\n\t\t\tSaps qu\u00e8 \u00e9s una Comunitat Energ\u00e8tica Local? Una Comunitat Energ\u00e8tica Local (CEL) \u00e9s una agrupaci\u00f3 de persones, empreses o entitats locals que s'uneixen per a produir, consu\t\t<\/p>\n\t\t\t\t<\/div>\n\t\t\t\t\t\t\t<div class=\"qodef-e-info qodef-info--bottom\">\n\t\t\t\t\t\t<div class=\"qodef-e-read-more\" >\n\t\t<a itemprop=\"url\" class=\"qodef-e-read-more-link\" href=\"https:\/\/otcelche.es\/va\/sabes-que-es-una-comunidad-energetica-local-cel\/\">\n\t\t\tLlegir m\u00e9s<svg class=\"qodef-theme-button-icon\" xmlns=\"http:\/\/www.w3.org\/2000\/svg\" x=\"0px\" y=\"0px\" viewbox=\"0 0 1015 771\" xml:space=\"preserve\"><polygon points=\"34.5,307.5 684.2,307.5 513,136.4 629,20.4 882.1,273.5 998.1,389.5 882.1,505.5 629,758.6 513,642.7 684.2,471.5 34.5,471.5 \"\/><\/svg>\t\t<\/a>\n\t<\/div>\n\t\t\t\t<\/div>\n\t\t\t\t\t<\/div>\n\t<\/div>\n<\/article>\n\t<\/div>\n\t<\/div>\n\t\t\t\t<\/div>\n\t\t\t\t<\/div>\n\t\t\t\t<div class=\"elementor-element elementor-element-4cad8e6 elementor-widget__width-initial elementor-hidden-desktop elementor-widget elementor-widget-qode_essential_addons_blog_list\" data-id=\"4cad8e6\" data-element_type=\"widget\" data-e-type=\"widget\" data-widget_type=\"qode_essential_addons_blog_list.default\">\n\t\t\t\t<div class=\"elementor-widget-container\">\n\t\t\t\t\t<div class=\"qodef-shortcode qodef-m  qodef-blog-shortcode qodef--list qodef-item-layout--standard qodef-content-has-background-color qodef-grid qodef-layout--columns  qodef-gutter--normal qodef-col-num--1  qodef-item-layout--standard qodef-responsive--predefined\" >\n\t<div class=\"qodef-grid-inner\">\n\t\t<article class=\"qodef-e qodef-blog-item qodef-grid-item qodef-item--huge-square post-1718 post type-post status-publish format-standard has-post-thumbnail hentry category-noticias\">\n\t<div class=\"qodef-e-inner\">\n\t\t<div class=\"qodef-e-media\">\n\t\t<div class=\"qodef-e-media-image\">\n\t\t<a itemprop=\"url\" href=\"https:\/\/otcelche.es\/va\/sabes-que-es-una-comunidad-energetica-local-cel-2-2\/\">\n\t\t\t<img fetchpriority=\"high\" decoding=\"async\" width=\"2500\" height=\"2500\" src=\"https:\/\/otcelche.es\/wp-content\/uploads\/2025\/03\/Linkedin-Post_II-ENCUENTRO_avaesen-1.jpg\" class=\"attachment-full size-full wp-post-image\" alt=\"\" srcset=\"https:\/\/otcelche.es\/wp-content\/uploads\/2025\/03\/Linkedin-Post_II-ENCUENTRO_avaesen-1.jpg 2500w, https:\/\/otcelche.es\/wp-content\/uploads\/2025\/03\/Linkedin-Post_II-ENCUENTRO_avaesen-1-300x300.jpg 300w, https:\/\/otcelche.es\/wp-content\/uploads\/2025\/03\/Linkedin-Post_II-ENCUENTRO_avaesen-1-1024x1024.jpg 1024w, https:\/\/otcelche.es\/wp-content\/uploads\/2025\/03\/Linkedin-Post_II-ENCUENTRO_avaesen-1-150x150.jpg 150w, https:\/\/otcelche.es\/wp-content\/uploads\/2025\/03\/Linkedin-Post_II-ENCUENTRO_avaesen-1-768x768.jpg 768w, https:\/\/otcelche.es\/wp-content\/uploads\/2025\/03\/Linkedin-Post_II-ENCUENTRO_avaesen-1-1536x1536.jpg 1536w, https:\/\/otcelche.es\/wp-content\/uploads\/2025\/03\/Linkedin-Post_II-ENCUENTRO_avaesen-1-2048x2048.jpg 2048w, https:\/\/otcelche.es\/wp-content\/uploads\/2025\/03\/Linkedin-Post_II-ENCUENTRO_avaesen-1-12x12.jpg 12w, https:\/\/otcelche.es\/wp-content\/uploads\/2025\/03\/Linkedin-Post_II-ENCUENTRO_avaesen-1-1170x1170.jpg 1170w, https:\/\/otcelche.es\/wp-content\/uploads\/2025\/03\/Linkedin-Post_II-ENCUENTRO_avaesen-1-650x650.jpg 650w, https:\/\/otcelche.es\/wp-content\/uploads\/2025\/03\/Linkedin-Post_II-ENCUENTRO_avaesen-1-1300x1300.jpg 1300w\" sizes=\"(max-width: 2500px) 100vw, 2500px\" \/>\t\t<\/a>\n\t\t\t<\/div>\n<\/div>\n\t\t<div class=\"qodef-e-content\" >\n\t\t\t\t\t\t\t<div class=\"qodef-e-info qodef-info--top\" >\n\t\t\t\t\t<div itemprop=\"dateCreated\" class=\"qodef-e-info-item qodef-e-info-date entry-date\">\n\t<a itemprop=\"url\" href=\"https:\/\/otcelche.es\/va\/2025\/03\/\"><svg class=\"qodef-e-info-item-icon\" xmlns=\"http:\/\/www.w3.org\/2000\/svg\" x=\"0px\" y=\"0px\" viewbox=\"0 0 14.6 14.6\" xml:space=\"preserve\"><path d=\"M10.9,1.3V0.2h-0.6v1.2H4.3V0.2H3.7v1.2H0.2v13.1h14.3V1.3H10.9z M10.9,1.9v1.2h-0.6V1.9H10.9z M4.3,1.9v1.2H3.7V1.9H4.3z M13.8,13.8H0.8V4.9h13.1V13.8z\"\/><\/svg>03\/31\/2025<\/a>\n<\/div>\n\t\t\t\t<\/div>\n\t\t\t\t\t\t<div class=\"qodef-e-text\">\n\t\t\t\t<h5 itemprop=\"name\" class=\"qodef-e-title entry-title\" >\n\t<a itemprop=\"url\" class=\"qodef-e-title-link\" href=\"https:\/\/otcelche.es\/va\/sabes-que-es-una-comunidad-energetica-local-cel-2-2\/\">\n\t\tSave the Date!\t<\/a>\n<\/h5>\n\t\t<p itemprop=\"description\" class=\"qodef-e-excerpt\">\n\t\t\tSave the date! II Encuentro Nacional de Oficinas de Transformaci\u00f3n Comunitaria \u00a0 Nos complace anunciar el II Encuentro Nacional de Oficinas de Trasformaci\u00f3n Comunitaria, un espa\t\t<\/p>\n\t\t\t\t<\/div>\n\t\t\t\t\t\t\t<div class=\"qodef-e-info qodef-info--bottom\">\n\t\t\t\t\t\t<div class=\"qodef-e-read-more\" >\n\t\t<a itemprop=\"url\" class=\"qodef-e-read-more-link\" href=\"https:\/\/otcelche.es\/va\/sabes-que-es-una-comunidad-energetica-local-cel-2-2\/\">\n\t\t\tLlegir m\u00e9s<svg class=\"qodef-theme-button-icon\" xmlns=\"http:\/\/www.w3.org\/2000\/svg\" x=\"0px\" y=\"0px\" viewbox=\"0 0 1015 771\" xml:space=\"preserve\"><polygon points=\"34.5,307.5 684.2,307.5 513,136.4 629,20.4 882.1,273.5 998.1,389.5 882.1,505.5 629,758.6 513,642.7 684.2,471.5 34.5,471.5 \"\/><\/svg>\t\t<\/a>\n\t<\/div>\n\t\t\t\t<\/div>\n\t\t\t\t\t<\/div>\n\t<\/div>\n<\/article>\n<article class=\"qodef-e qodef-blog-item qodef-grid-item qodef-item--huge-square post-1597 post type-post status-publish format-standard has-post-thumbnail hentry category-noticias\">\n\t<div class=\"qodef-e-inner\">\n\t\t<div class=\"qodef-e-media\">\n\t\t<div class=\"qodef-e-media-image\">\n\t\t<a itemprop=\"url\" href=\"https:\/\/otcelche.es\/va\/sabes-que-es-una-comunidad-energetica-local-cel-2\/\">\n\t\t\t<img decoding=\"async\" width=\"1200\" height=\"1200\" src=\"https:\/\/otcelche.es\/wp-content\/uploads\/2025\/03\/imagen-presentacion-elche-27.png\" class=\"attachment-full size-full wp-post-image\" alt=\"\" srcset=\"https:\/\/otcelche.es\/wp-content\/uploads\/2025\/03\/imagen-presentacion-elche-27.png 1200w, https:\/\/otcelche.es\/wp-content\/uploads\/2025\/03\/imagen-presentacion-elche-27-300x300.png 300w, https:\/\/otcelche.es\/wp-content\/uploads\/2025\/03\/imagen-presentacion-elche-27-1024x1024.png 1024w, https:\/\/otcelche.es\/wp-content\/uploads\/2025\/03\/imagen-presentacion-elche-27-150x150.png 150w, https:\/\/otcelche.es\/wp-content\/uploads\/2025\/03\/imagen-presentacion-elche-27-768x768.png 768w, https:\/\/otcelche.es\/wp-content\/uploads\/2025\/03\/imagen-presentacion-elche-27-1170x1170.png 1170w, https:\/\/otcelche.es\/wp-content\/uploads\/2025\/03\/imagen-presentacion-elche-27-650x650.png 650w\" sizes=\"(max-width: 1200px) 100vw, 1200px\" \/>\t\t<\/a>\n\t\t\t<\/div>\n<\/div>\n\t\t<div class=\"qodef-e-content\" >\n\t\t\t\t\t\t\t<div class=\"qodef-e-info qodef-info--top\" >\n\t\t\t\t\t<div itemprop=\"dateCreated\" class=\"qodef-e-info-item qodef-e-info-date entry-date\">\n\t<a itemprop=\"url\" href=\"https:\/\/otcelche.es\/va\/2025\/03\/\"><svg class=\"qodef-e-info-item-icon\" xmlns=\"http:\/\/www.w3.org\/2000\/svg\" x=\"0px\" y=\"0px\" viewbox=\"0 0 14.6 14.6\" xml:space=\"preserve\"><path d=\"M10.9,1.3V0.2h-0.6v1.2H4.3V0.2H3.7v1.2H0.2v13.1h14.3V1.3H10.9z M10.9,1.9v1.2h-0.6V1.9H10.9z M4.3,1.9v1.2H3.7V1.9H4.3z M13.8,13.8H0.8V4.9h13.1V13.8z\"\/><\/svg>03\/26\/2025<\/a>\n<\/div>\n\t\t\t\t<\/div>\n\t\t\t\t\t\t<div class=\"qodef-e-text\">\n\t\t\t\t<h5 itemprop=\"name\" class=\"qodef-e-title entry-title\" >\n\t<a itemprop=\"url\" class=\"qodef-e-title-link\" href=\"https:\/\/otcelche.es\/va\/sabes-que-es-una-comunidad-energetica-local-cel-2\/\">\n\t\tElx fa un pas ferm cap a la transformaci\u00f3 digital amb la inauguraci\u00f3 de la seua Oficina de Transformaci\u00f3 Comunit\u00e0ria (OTC)\t<\/a>\n<\/h5>\n\t\t<p itemprop=\"description\" class=\"qodef-e-excerpt\">\n\t\t\tElx fa un pas ferm cap a la transformaci\u00f3 digital amb la inauguraci\u00f3 de la seua Oficina de Transformaci\u00f3 Comunit\u00e0ria (OTC) Elx, [26 de mar\u00e7 de 2025] \u2013 El municipi de\t\t<\/p>\n\t\t\t\t<\/div>\n\t\t\t\t\t\t\t<div class=\"qodef-e-info qodef-info--bottom\">\n\t\t\t\t\t\t<div class=\"qodef-e-read-more\" >\n\t\t<a itemprop=\"url\" class=\"qodef-e-read-more-link\" href=\"https:\/\/otcelche.es\/va\/sabes-que-es-una-comunidad-energetica-local-cel-2\/\">\n\t\t\tLlegir m\u00e9s<svg class=\"qodef-theme-button-icon\" xmlns=\"http:\/\/www.w3.org\/2000\/svg\" x=\"0px\" y=\"0px\" viewbox=\"0 0 1015 771\" xml:space=\"preserve\"><polygon points=\"34.5,307.5 684.2,307.5 513,136.4 629,20.4 882.1,273.5 998.1,389.5 882.1,505.5 629,758.6 513,642.7 684.2,471.5 34.5,471.5 \"\/><\/svg>\t\t<\/a>\n\t<\/div>\n\t\t\t\t<\/div>\n\t\t\t\t\t<\/div>\n\t<\/div>\n<\/article>\n<article class=\"qodef-e qodef-blog-item qodef-grid-item qodef-item--huge-square post-722 post type-post status-publish format-standard has-post-thumbnail hentry category-noticias\">\n\t<div class=\"qodef-e-inner\">\n\t\t<div class=\"qodef-e-media\">\n\t\t<div class=\"qodef-e-media-image\">\n\t\t<a itemprop=\"url\" href=\"https:\/\/otcelche.es\/va\/sabes-que-es-una-comunidad-energetica-local-cel\/\">\n\t\t\t<img decoding=\"async\" width=\"1200\" height=\"1200\" src=\"https:\/\/otcelche.es\/wp-content\/uploads\/2025\/03\/imagen-comunidad-energetica-local-1.png\" class=\"attachment-full size-full wp-post-image\" alt=\"\" srcset=\"https:\/\/otcelche.es\/wp-content\/uploads\/2025\/03\/imagen-comunidad-energetica-local-1.png 1200w, https:\/\/otcelche.es\/wp-content\/uploads\/2025\/03\/imagen-comunidad-energetica-local-1-300x300.png 300w, https:\/\/otcelche.es\/wp-content\/uploads\/2025\/03\/imagen-comunidad-energetica-local-1-1024x1024.png 1024w, https:\/\/otcelche.es\/wp-content\/uploads\/2025\/03\/imagen-comunidad-energetica-local-1-150x150.png 150w, https:\/\/otcelche.es\/wp-content\/uploads\/2025\/03\/imagen-comunidad-energetica-local-1-768x768.png 768w, https:\/\/otcelche.es\/wp-content\/uploads\/2025\/03\/imagen-comunidad-energetica-local-1-1170x1170.png 1170w, https:\/\/otcelche.es\/wp-content\/uploads\/2025\/03\/imagen-comunidad-energetica-local-1-650x650.png 650w\" sizes=\"(max-width: 1200px) 100vw, 1200px\" \/>\t\t<\/a>\n\t\t\t<\/div>\n<\/div>\n\t\t<div class=\"qodef-e-content\" >\n\t\t\t\t\t\t\t<div class=\"qodef-e-info qodef-info--top\" >\n\t\t\t\t\t<div itemprop=\"dateCreated\" class=\"qodef-e-info-item qodef-e-info-date entry-date\">\n\t<a itemprop=\"url\" href=\"https:\/\/otcelche.es\/va\/2025\/03\/\"><svg class=\"qodef-e-info-item-icon\" xmlns=\"http:\/\/www.w3.org\/2000\/svg\" x=\"0px\" y=\"0px\" viewbox=\"0 0 14.6 14.6\" xml:space=\"preserve\"><path d=\"M10.9,1.3V0.2h-0.6v1.2H4.3V0.2H3.7v1.2H0.2v13.1h14.3V1.3H10.9z M10.9,1.9v1.2h-0.6V1.9H10.9z M4.3,1.9v1.2H3.7V1.9H4.3z M13.8,13.8H0.8V4.9h13.1V13.8z\"\/><\/svg>03\/12\/2025<\/a>\n<\/div>\n\t\t\t\t<\/div>\n\t\t\t\t\t\t<div class=\"qodef-e-text\">\n\t\t\t\t<h5 itemprop=\"name\" class=\"qodef-e-title entry-title\" >\n\t<a itemprop=\"url\" class=\"qodef-e-title-link\" href=\"https:\/\/otcelche.es\/va\/sabes-que-es-una-comunidad-energetica-local-cel\/\">\n\t\tSaps qu\u00e8 \u00e9s una Comunitat Energ\u00e8tica Local (CEL)?\t<\/a>\n<\/h5>\n\t\t<p itemprop=\"description\" class=\"qodef-e-excerpt\">\n\t\t\tSaps qu\u00e8 \u00e9s una Comunitat Energ\u00e8tica Local? Una Comunitat Energ\u00e8tica Local (CEL) \u00e9s una agrupaci\u00f3 de persones, empreses o entitats locals que s'uneixen per a produir, consu\t\t<\/p>\n\t\t\t\t<\/div>\n\t\t\t\t\t\t\t<div class=\"qodef-e-info qodef-info--bottom\">\n\t\t\t\t\t\t<div class=\"qodef-e-read-more\" >\n\t\t<a itemprop=\"url\" class=\"qodef-e-read-more-link\" href=\"https:\/\/otcelche.es\/va\/sabes-que-es-una-comunidad-energetica-local-cel\/\">\n\t\t\tLlegir m\u00e9s<svg class=\"qodef-theme-button-icon\" xmlns=\"http:\/\/www.w3.org\/2000\/svg\" x=\"0px\" y=\"0px\" viewbox=\"0 0 1015 771\" xml:space=\"preserve\"><polygon points=\"34.5,307.5 684.2,307.5 513,136.4 629,20.4 882.1,273.5 998.1,389.5 882.1,505.5 629,758.6 513,642.7 684.2,471.5 34.5,471.5 \"\/><\/svg>\t\t<\/a>\n\t<\/div>\n\t\t\t\t<\/div>\n\t\t\t\t\t<\/div>\n\t<\/div>\n<\/article>\n\t<\/div>\n\t<\/div>\n\t\t\t\t<\/div>\n\t\t\t\t<\/div>\n\t\t\t\t<\/div>\n\t\t\t\t<\/div>","protected":false},"excerpt":{"rendered":"<p>\u00bfQuieres estar al d\u00eda de la OTC Elche? \u00a1Bienvenidos al blog de novedades de la OTC Elche! Aqu\u00ed encontrar\u00e1s las \u00faltimas noticias, eventos y proyectos relacionados con la transici\u00f3n energ\u00e9tica [&hellip;]<\/p>","protected":false},"author":2,"featured_media":0,"parent":0,"menu_order":0,"comment_status":"closed","ping_status":"closed","template":"page-container-wide","meta":{"_EventAllDay":false,"_EventTimezone":"","_EventStartDate":"","_EventEndDate":"","_EventStartDateUTC":"","_EventEndDateUTC":"","_EventShowMap":false,"_EventShowMapLink":false,"_EventURL":"","_EventCost":"","_EventCostDescription":"","_EventCurrencySymbol":"","_EventCurrencyCode":"","_EventCurrencyPosition":"","_EventDateTimeSeparator":"","_EventTimeRangeSeparator":"","_EventOrganizerID":[],"_EventVenueID":[],"_OrganizerEmail":"","_OrganizerPhone":"","_OrganizerWebsite":"","_VenueAddress":"","_VenueCity":"","_VenueCountry":"","_VenueProvince":"","_VenueState":"","_VenueZip":"","_VenuePhone":"","_VenueURL":"","_VenueStateProvince":"","_VenueLat":"","_VenueLng":"","_VenueShowMap":false,"_VenueShowMapLink":false,"_joinchat":[],"footnotes":""},"class_list":["post-485","page","type-page","status-publish","hentry"],"_links":{"self":[{"href":"https:\/\/otcelche.es\/va\/wp-json\/wp\/v2\/pages\/485","targetHints":{"allow":["GET"]}}],"collection":[{"href":"https:\/\/otcelche.es\/va\/wp-json\/wp\/v2\/pages"}],"about":[{"href":"https:\/\/otcelche.es\/va\/wp-json\/wp\/v2\/types\/page"}],"author":[{"embeddable":true,"href":"https:\/\/otcelche.es\/va\/wp-json\/wp\/v2\/users\/2"}],"replies":[{"embeddable":true,"href":"https:\/\/otcelche.es\/va\/wp-json\/wp\/v2\/comments?post=485"}],"version-history":[{"count":49,"href":"https:\/\/otcelche.es\/va\/wp-json\/wp\/v2\/pages\/485\/revisions"}],"predecessor-version":[{"id":1714,"href":"https:\/\/otcelche.es\/va\/wp-json\/wp\/v2\/pages\/485\/revisions\/1714"}],"wp:attachment":[{"href":"https:\/\/otcelche.es\/va\/wp-json\/wp\/v2\/media?parent=485"}],"curies":[{"name":"wp","href":"https:\/\/api.w.org\/{rel}","templated":true}]}}