{"id":766,"date":"2025-03-12T13:54:09","date_gmt":"2025-03-12T12:54:09","guid":{"rendered":"https:\/\/otcelche.es\/?page_id=766"},"modified":"2025-03-31T08:51:42","modified_gmt":"2025-03-31T07:51:42","slug":"comunidades-energeticas","status":"publish","type":"page","link":"https:\/\/otcelche.es\/va\/comunidades-energeticas\/","title":{"rendered":"Comunitats energ\u00e8tiques"},"content":{"rendered":"<div data-elementor-type=\"wp-page\" data-elementor-id=\"766\" class=\"elementor elementor-766\" data-elementor-post-type=\"page\">\n\t\t\t\t<div class=\"elementor-element elementor-element-809b6ef e-con-full e-flex qodef-elementor-content-no e-con e-parent\" data-id=\"809b6ef\" data-element_type=\"container\" data-e-type=\"container\">\n\t\t<div class=\"elementor-element elementor-element-b10ec01 e-con-full e-flex qodef-elementor-content-no e-con e-child\" data-id=\"b10ec01\" data-element_type=\"container\" data-e-type=\"container\">\n\t\t\t\t<div class=\"elementor-element elementor-element-6faef38 elementor-widget elementor-widget-heading\" data-id=\"6faef38\" data-element_type=\"widget\" data-e-type=\"widget\" data-widget_type=\"heading.default\">\n\t\t\t\t<div class=\"elementor-widget-container\">\n\t\t\t\t\t<h2 class=\"elementor-heading-title elementor-size-default\">Saps qu\u00e8 \u00e9s una Comunitat Energ\u00e8tica?<\/h2>\t\t\t\t<\/div>\n\t\t\t\t<\/div>\n\t\t\t\t<div class=\"elementor-element elementor-element-90bcd39 elementor-widget elementor-widget-text-editor\" data-id=\"90bcd39\" data-element_type=\"widget\" data-e-type=\"widget\" data-widget_type=\"text-editor.default\">\n\t\t\t\t<div class=\"elementor-widget-container\">\n\t\t\t\t\t\t\t\t\t<p data-sourcepos=\"1:1-1:357\"><span style=\"color: #ffffff;\">Una<strong>\u00a0Una Comunitat Energ\u00e8tica Local (CEL)<\/strong>\u00a0pot definir-se com una agrupaci\u00f3 de ciutadans, de xicotetes i mitjanes empreses o entitats locals que s'unixen per a generar, consumir i gestionar la seua pr\u00f2pia energia produ\u00efda mitjan\u00e7ant fonts renovables.\u00a0<\/span><span style=\"color: #ffffff; font-family: var( --e-global-typography-text-font-family ), Sans-serif; font-weight: var( --e-global-typography-text-font-weight ); text-align: var(--text-align); background-color: var(--wp--preset--color--dark); font-size: var(--wp--preset--font-size--base);\">Su\u00a0<\/span><strong style=\"color: #ffffff; font-family: var( --e-global-typography-text-font-family ), Sans-serif; text-align: var(--text-align); background-color: var(--wp--preset--color--dark); font-size: var(--wp--preset--font-size--base);\">El seu objectiu principal<\/strong><span style=\"color: #ffffff; font-family: var( --e-global-typography-text-font-family ), Sans-serif; font-weight: var( --e-global-typography-text-font-weight ); text-align: var(--text-align); background-color: var(--wp--preset--color--dark); font-size: var(--wp--preset--font-size--base);\">\u00a0\u00e9s promoure l'autonomia energ\u00e8tica, la sostenibilitat i el benefici col\u00b7lectiu, tant econ\u00f2mic com ambiental i social.\u00a0<\/span><span style=\"color: #ffffff; font-family: var( --e-global-typography-text-font-family ), Sans-serif; font-weight: var( --e-global-typography-text-font-weight ); text-align: var(--text-align); background-color: var(--wp--preset--color--dark); font-size: var(--wp--preset--font-size--base);\">\u00c9s una eina que permet optimitzar l'\u00fas d'espais com terrasses o teulades col\u00b7lectives, aix\u00ed com d'edificis p\u00fablics, per a generar un benefici social.<\/span><\/p>\t\t\t\t\t\t\t\t<\/div>\n\t\t\t\t<\/div>\n\t\t\t\t<\/div>\n\t\t\t\t<\/div>\n\t\t<div class=\"elementor-element elementor-element-ada3217 e-flex e-con-boxed qodef-elementor-content-no e-con e-parent\" data-id=\"ada3217\" data-element_type=\"container\" data-e-type=\"container\" data-settings=\"{&quot;background_background&quot;:&quot;classic&quot;}\">\n\t\t\t\t\t<div class=\"e-con-inner\">\n\t\t\t\t<div class=\"elementor-element elementor-element-c73d28b elementor-widget elementor-widget-spacer\" data-id=\"c73d28b\" data-element_type=\"widget\" data-e-type=\"widget\" data-widget_type=\"spacer.default\">\n\t\t\t\t<div class=\"elementor-widget-container\">\n\t\t\t\t\t\t\t<div class=\"elementor-spacer\">\n\t\t\t<div class=\"elementor-spacer-inner\"><\/div>\n\t\t<\/div>\n\t\t\t\t\t\t<\/div>\n\t\t\t\t<\/div>\n\t\t\t\t\t<\/div>\n\t\t\t\t<\/div>\n\t\t<div class=\"elementor-element elementor-element-2d786b6 e-flex e-con-boxed qodef-elementor-content-no e-con e-parent\" data-id=\"2d786b6\" data-element_type=\"container\" data-e-type=\"container\" data-settings=\"{&quot;background_background&quot;:&quot;classic&quot;,&quot;shape_divider_bottom&quot;:&quot;mountains&quot;}\">\n\t\t\t\t\t<div class=\"e-con-inner\">\n\t\t\t\t<div class=\"elementor-shape elementor-shape-bottom\" aria-hidden=\"true\" data-negative=\"false\">\n\t\t\t<svg xmlns=\"http:\/\/www.w3.org\/2000\/svg\" viewbox=\"0 0 1000 100\" preserveaspectratio=\"none\">\n\t<path class=\"elementor-shape-fill\" opacity=\"0.33\" d=\"M473,67.3c-203.9,88.3-263.1-34-320.3,0C66,119.1,0,59.7,0,59.7V0h1000v59.7 c0,0-62.1,26.1-94.9,29.3c-32.8,3.3-62.8-12.3-75.8-22.1C806,49.6,745.3,8.7,694.9,4.7S492.4,59,473,67.3z\"\/>\n\t<path class=\"elementor-shape-fill\" opacity=\"0.66\" d=\"M734,67.3c-45.5,0-77.2-23.2-129.1-39.1c-28.6-8.7-150.3-10.1-254,39.1 s-91.7-34.4-149.2,0C115.7,118.3,0,39.8,0,39.8V0h1000v36.5c0,0-28.2-18.5-92.1-18.5C810.2,18.1,775.7,67.3,734,67.3z\"\/>\n\t<path class=\"elementor-shape-fill\" d=\"M766.1,28.9c-200-57.5-266,65.5-395.1,19.5C242,1.8,242,5.4,184.8,20.6C128,35.8,132.3,44.9,89.9,52.5C28.6,63.7,0,0,0,0 h1000c0,0-9.9,40.9-83.6,48.1S829.6,47,766.1,28.9z\"\/>\n<\/svg>\t\t<\/div>\n\t\t\t\t\t<\/div>\n\t\t\t\t<\/div>\n\t\t<div class=\"elementor-element elementor-element-ed46734 e-flex e-con-boxed qodef-elementor-content-no e-con e-parent\" data-id=\"ed46734\" data-element_type=\"container\" data-e-type=\"container\" data-settings=\"{&quot;background_background&quot;:&quot;classic&quot;}\">\n\t\t\t\t\t<div class=\"e-con-inner\">\n\t\t<div class=\"elementor-element elementor-element-63e811f e-con-full e-flex qodef-elementor-content-no e-con e-child\" data-id=\"63e811f\" data-element_type=\"container\" data-e-type=\"container\">\n\t\t\t\t<div class=\"elementor-element elementor-element-3513c26 elementor-widget elementor-widget-global elementor-global-1420 elementor-widget-heading\" data-id=\"3513c26\" data-element_type=\"widget\" data-e-type=\"widget\" data-widget_type=\"heading.default\">\n\t\t\t\t<div class=\"elementor-widget-container\">\n\t\t\t\t\t<h2 class=\"elementor-heading-title elementor-size-default\">Coneixes els avantatges de les Comunitats Energ\u00e8tiques?<\/h2>\t\t\t\t<\/div>\n\t\t\t\t<\/div>\n\t\t\t\t<\/div>\n\t\t<div class=\"elementor-element elementor-element-58314ba e-con-full e-flex qodef-elementor-content-no e-con e-child\" data-id=\"58314ba\" data-element_type=\"container\" data-e-type=\"container\">\n\t\t\t\t<div class=\"elementor-element elementor-element-ffa15c8 elementor-widget elementor-widget-global elementor-global-1423 elementor-widget-text-editor\" data-id=\"ffa15c8\" data-element_type=\"widget\" data-e-type=\"widget\" data-widget_type=\"text-editor.default\">\n\t\t\t\t<div class=\"elementor-widget-container\">\n\t\t\t\t\t\t\t\t\t<p>La generaci\u00f3 conjunta d'energia t\u00e9 una s\u00e8rie de beneficis que van m\u00e9s enll\u00e0 dels avantatges ambientals, suposant un estalvi econ\u00f2mic per als seus participants, aix\u00ed com una col\u00b7laboraci\u00f3 directa en els processos de generaci\u00f3 energ\u00e8tica.<\/p>\t\t\t\t\t\t\t\t<\/div>\n\t\t\t\t<\/div>\n\t\t\t\t<\/div>\n\t\t\t\t\t<\/div>\n\t\t\t\t<\/div>\n\t\t<div class=\"elementor-element elementor-element-4539030 e-con-full e-flex qodef-elementor-content-no e-con e-parent\" data-id=\"4539030\" data-element_type=\"container\" data-e-type=\"container\" data-settings=\"{&quot;background_background&quot;:&quot;classic&quot;}\">\n\t\t<div class=\"elementor-element elementor-element-d490ff7 e-con-full e-flex qodef-elementor-content-no e-con e-child\" data-id=\"d490ff7\" data-element_type=\"container\" data-e-type=\"container\">\n\t\t<div class=\"elementor-element elementor-element-a74567d e-con-full e-flex qodef-elementor-content-no e-con e-child\" data-id=\"a74567d\" data-element_type=\"container\" data-e-type=\"container\">\n\t\t\t\t<div class=\"elementor-element elementor-element-da39dd8 elementor-widget elementor-widget-image\" data-id=\"da39dd8\" data-element_type=\"widget\" data-e-type=\"widget\" data-widget_type=\"image.default\">\n\t\t\t\t<div class=\"elementor-widget-container\">\n\t\t\t\t\t\t\t\t\t\t\t\t\t\t\t<img fetchpriority=\"high\" decoding=\"async\" width=\"3417\" height=\"1600\" src=\"https:\/\/otcelche.es\/wp-content\/uploads\/2025\/04\/Mesa-de-trabajo-18@4x-8.png\" class=\"attachment-full size-full wp-image-1742\" alt=\"\" srcset=\"https:\/\/otcelche.es\/wp-content\/uploads\/2025\/04\/Mesa-de-trabajo-18@4x-8.png 3417w, https:\/\/otcelche.es\/wp-content\/uploads\/2025\/04\/Mesa-de-trabajo-18@4x-8-300x140.png 300w, https:\/\/otcelche.es\/wp-content\/uploads\/2025\/04\/Mesa-de-trabajo-18@4x-8-1024x479.png 1024w, https:\/\/otcelche.es\/wp-content\/uploads\/2025\/04\/Mesa-de-trabajo-18@4x-8-768x360.png 768w, https:\/\/otcelche.es\/wp-content\/uploads\/2025\/04\/Mesa-de-trabajo-18@4x-8-1536x719.png 1536w, https:\/\/otcelche.es\/wp-content\/uploads\/2025\/04\/Mesa-de-trabajo-18@4x-8-2048x959.png 2048w, https:\/\/otcelche.es\/wp-content\/uploads\/2025\/04\/Mesa-de-trabajo-18@4x-8-18x8.png 18w, https:\/\/otcelche.es\/wp-content\/uploads\/2025\/04\/Mesa-de-trabajo-18@4x-8-1170x548.png 1170w\" sizes=\"(max-width: 3417px) 100vw, 3417px\" \/>\t\t\t\t\t\t\t\t\t\t\t\t\t\t\t<\/div>\n\t\t\t\t<\/div>\n\t\t\t\t<div class=\"elementor-element elementor-element-c3d9bf5 elementor-widget-divider--view-line elementor-widget elementor-widget-divider\" data-id=\"c3d9bf5\" data-element_type=\"widget\" data-e-type=\"widget\" data-widget_type=\"divider.default\">\n\t\t\t\t<div class=\"elementor-widget-container\">\n\t\t\t\t\t\t\t<div class=\"elementor-divider\">\n\t\t\t<span class=\"elementor-divider-separator\">\n\t\t\t\t\t\t<\/span>\n\t\t<\/div>\n\t\t\t\t\t\t<\/div>\n\t\t\t\t<\/div>\n\t\t\t\t<\/div>\n\t\t\t\t<\/div>\n\t\t\t\t<\/div>\n\t\t<div class=\"elementor-element elementor-element-a845822 e-flex e-con-boxed qodef-elementor-content-no e-con e-parent\" data-id=\"a845822\" data-element_type=\"container\" data-e-type=\"container\" data-settings=\"{&quot;background_background&quot;:&quot;classic&quot;}\">\n\t\t\t\t\t<div class=\"e-con-inner\">\n\t\t<div class=\"elementor-element elementor-element-846b9ed e-con-full e-flex qodef-elementor-content-no e-con e-child\" data-id=\"846b9ed\" data-element_type=\"container\" data-e-type=\"container\">\n\t\t\t\t<div class=\"elementor-element elementor-element-543adcf elementor-widget elementor-widget-heading\" data-id=\"543adcf\" data-element_type=\"widget\" data-e-type=\"widget\" data-widget_type=\"heading.default\">\n\t\t\t\t<div class=\"elementor-widget-container\">\n\t\t\t\t\t<h2 class=\"elementor-heading-title elementor-size-default\"><h2 data-elementor-setting-key=\"title\" data-pen-placeholder=\"Teclea aqu\u00ed...\" style=\"font-family: Roboto, sans-serif;font-weight: 600;text-align: center\">Preguntes i respostes sobre les <br>Comunitats Energ\u00e8tiques<span style=\"font-family: var( --e-global-typography-primary-font-family ), Sans-serif;font-size: var(--wp--custom--typography--font-size--heading-2);font-weight: var( --e-global-typography-primary-font-weight );text-align: var(--text-align)\"><\/span><\/h2><\/h2>\t\t\t\t<\/div>\n\t\t\t\t<\/div>\n\t\t\t\t<\/div>\n\t\t<div class=\"elementor-element elementor-element-f93f965 e-con-full e-flex qodef-elementor-content-no e-con e-child\" data-id=\"f93f965\" data-element_type=\"container\" data-e-type=\"container\">\n\t\t\t\t<div class=\"elementor-element elementor-element-3bb7c32 elementor-widget elementor-widget-text-editor\" data-id=\"3bb7c32\" data-element_type=\"widget\" data-e-type=\"widget\" data-widget_type=\"text-editor.default\">\n\t\t\t\t<div class=\"elementor-widget-container\">\n\t\t\t\t\t\t\t\t\t<p>Vols con\u00e9ixer m\u00e9s sobre Comunitats Energ\u00e8tiques? Ac\u00ed tens les preguntes m\u00e9s freq\u00fcents que solen sorgir al voltant d'aquestes. A m\u00e9s, per a resoldre qualsevol possible dubte que pugues tindre, en l'Oficina de Transformaci\u00f3 Comunit\u00e0ria d'Elx t'estem esperant per a acompanyar-te en el proc\u00e9s de creaci\u00f3 de la teua pr\u00f2pia Comunitat.\u00a0<\/p>\t\t\t\t\t\t\t\t<\/div>\n\t\t\t\t<\/div>\n\t\t\t\t<\/div>\n\t\t\t\t\t<\/div>\n\t\t\t\t<\/div>\n\t\t<div class=\"elementor-element elementor-element-8b55e1c e-flex e-con-boxed qodef-elementor-content-no e-con e-parent\" data-id=\"8b55e1c\" data-element_type=\"container\" data-e-type=\"container\" data-settings=\"{&quot;background_background&quot;:&quot;classic&quot;}\">\n\t\t\t\t\t<div class=\"e-con-inner\">\n\t\t<div class=\"elementor-element elementor-element-6c3bf02 e-con-full e-flex qodef-elementor-content-no e-con e-child\" data-id=\"6c3bf02\" data-element_type=\"container\" data-e-type=\"container\">\n\t\t\t\t<div class=\"elementor-element elementor-element-ae426ed elementor-widget__width-initial elementor-widget elementor-widget-image\" data-id=\"ae426ed\" data-element_type=\"widget\" data-e-type=\"widget\" data-widget_type=\"image.default\">\n\t\t\t\t<div class=\"elementor-widget-container\">\n\t\t\t\t\t\t\t\t\t\t\t\t\t\t\t<img decoding=\"async\" width=\"1200\" height=\"1350\" src=\"https:\/\/otcelche.es\/wp-content\/uploads\/2025\/03\/energias-renovables.png\" class=\"attachment-full size-full wp-image-1683\" alt=\"\" srcset=\"https:\/\/otcelche.es\/wp-content\/uploads\/2025\/03\/energias-renovables.png 1200w, https:\/\/otcelche.es\/wp-content\/uploads\/2025\/03\/energias-renovables-267x300.png 267w, https:\/\/otcelche.es\/wp-content\/uploads\/2025\/03\/energias-renovables-910x1024.png 910w, https:\/\/otcelche.es\/wp-content\/uploads\/2025\/03\/energias-renovables-768x864.png 768w, https:\/\/otcelche.es\/wp-content\/uploads\/2025\/03\/energias-renovables-1170x1316.png 1170w\" sizes=\"(max-width: 1200px) 100vw, 1200px\" \/>\t\t\t\t\t\t\t\t\t\t\t\t\t\t\t<\/div>\n\t\t\t\t<\/div>\n\t\t\t\t<\/div>\n\t\t<div class=\"elementor-element elementor-element-7196312 e-con-full e-flex qodef-elementor-content-no e-con e-child\" data-id=\"7196312\" data-element_type=\"container\" data-e-type=\"container\">\n\t\t\t\t<div class=\"elementor-element elementor-element-35dd2ef elementor-widget__width-initial elementor-widget elementor-widget-text-editor\" data-id=\"35dd2ef\" data-element_type=\"widget\" data-e-type=\"widget\" data-widget_type=\"text-editor.default\">\n\t\t\t\t<div class=\"elementor-widget-container\">\n\t\t\t\t\t\t\t\t\t<p><b>\u00bfQu\u00e9<\/b><strong> Qu\u00e8 s\u00f3n les Comunitats Energ\u00e8tiques?<\/strong><br \/>Les comunitats energ\u00e8tiques no s\u00f3n nom\u00e9s una tend\u00e8ncia, s\u00f3n el futur de l'energia a Elx. Participant, no sols est\u00e0s prenent control sobre el teu consum energ\u00e8tic, sin\u00f3 que tamb\u00e9 est\u00e0s assumint una postura activa en la lluita contra el canvi clim\u00e0tic. Et convidem a ser part d'aquest moviment cap a un futur m\u00e9s verd i sostenible per a la nostra ciutat. Fem que Elx brille amb llum pr\u00f2pia!<\/p><p><strong>Actors Principals: Tots Podem Ser Part del Canvi<\/strong><br \/>En una comunitat energ\u00e8tica, tots tenen un paper fonamental. Des de fam\u00edlies i ve\u00efns fins a empreses locals i el mateix. Ajuntament, tots podem ser productors i consumidors d'energia renovable. En unir-nos, no nom\u00e9s redu\u00efm la nostra depend\u00e8ncia de combustibles f\u00f2ssils i contribu\u00efm a un Elx m\u00e9s sostenible, sin\u00f3 que tamb\u00e9 fomentem l'economia local i reforcem la cohesi\u00f3 comunit\u00e0ria.<\/p><p><b>Ciutadans: <\/b>Qualsevol persona pot unir-se, contribuint i beneficiant-se d'una energia m\u00e9s verda i econ\u00f2mica.<\/p><p><b>Empreses:<\/b> Negocis locals invertixen en energies renovables, promovent la sostenibilitat i reduint costos.<\/p><p><b>Institucions:<\/b> L'Ajuntament d'Elx i altres entitats p\u00fabliques donen suport a estes iniciatives, facilitant espais i recursos.<\/p><p><b>Organitzacions:<\/b>\u00a0Cooperatives, associacions i ONGs juguen un paper crucial, coordinant i fomentant la participaci\u00f3 ciutadana.<\/p>\t\t\t\t\t\t\t\t<\/div>\n\t\t\t\t<\/div>\n\t\t\t\t<\/div>\n\t\t\t\t\t<\/div>\n\t\t\t\t<\/div>\n\t\t<div class=\"elementor-element elementor-element-c92fee0 e-flex e-con-boxed qodef-elementor-content-no e-con e-parent\" data-id=\"c92fee0\" data-element_type=\"container\" data-e-type=\"container\" data-settings=\"{&quot;background_background&quot;:&quot;classic&quot;}\">\n\t\t\t\t\t<div class=\"e-con-inner\">\n\t\t<div class=\"elementor-element elementor-element-1e2cedf e-con-full e-flex qodef-elementor-content-no e-con e-child\" data-id=\"1e2cedf\" data-element_type=\"container\" data-e-type=\"container\">\n\t\t\t\t<div class=\"elementor-element elementor-element-abf2fbb elementor-widget elementor-widget-text-editor\" data-id=\"abf2fbb\" data-element_type=\"widget\" data-e-type=\"widget\" data-widget_type=\"text-editor.default\">\n\t\t\t\t<div class=\"elementor-widget-container\">\n\t\t\t\t\t\t\t\t\t<p><strong style=\"color: var( --e-global-color-text ); font-family: var( --e-global-typography-text-font-family ), Sans-serif; text-align: var(--text-align); font-size: var(--wp--preset--font-size--base);\">Quines ajudes estan disponibles?<\/strong><\/p><p>L'Ajuntament d'Elx, conscient del potencial de les comunitats energ\u00e8tiques, ofereix suport i facilita l'acc\u00e9s a ajudes financeres, tant locals com de la Uni\u00f3 Europea. Estes ajudes estan dissenyades per a impulsar la creaci\u00f3 i el desenvolupament de comunitats energ\u00e8tiques, facilitant l'adquisici\u00f3 de tecnologies renovables i promovent projectes que ens beneficien a tots. En participar en una comunitat energ\u00e8tica, no sols inverteixes en un futur sostenible, sin\u00f3 que tamb\u00e9 pots gaudir d'estalvis en la teua factura d'energia i contribuir a un Elx m\u00e9s net i habitable.<\/p><p><b>Elx est\u00e0 en l'avantguarda de la transici\u00f3 energ\u00e8tica, i aix\u00f2 es reflecteix en el suport a les Comunitats Energ\u00e8tiques. Gr\u00e0cies a fons europeus i suports locals, existeixen ajudes i subvencions destinades a:<\/b><\/p><p><b>Finan\u00e7ament de projectes:<\/b>Ajuda econ\u00f2mica per a la creaci\u00f3 i desenvolupament de comunitats energ\u00e8tiques.<br \/><b>Assessorament:<\/b> Serveis de consultoria i orientaci\u00f3 per als qui desitgen unir-se o formar una comunitat energ\u00e8tica.<br \/><strong>Formaci\u00f3n:<\/strong> Cursos i tallers per a educar als ciutadans i empreses sobre els beneficis i el funcionament de les comunitats energ\u00e8tiques. Uneix-te al moviment energ\u00e8tic d'Elx!<\/p>\t\t\t\t\t\t\t\t<\/div>\n\t\t\t\t<\/div>\n\t\t\t\t<\/div>\n\t\t\t\t\t<\/div>\n\t\t\t\t<\/div>\n\t\t\t\t<\/div>","protected":false},"excerpt":{"rendered":"<p>\u00bfSabes qu\u00e9 es una Comunidad Energ\u00e9tica? Una\u00a0Comunidad Energ\u00e9tica Local (CEL)\u00a0puede definirse como una agrupaci\u00f3n ciudadana, de peque\u00f1as empresas o entidades locales que se unen para generar, consumir y gestionar su [&hellip;]<\/p>","protected":false},"author":2,"featured_media":0,"parent":0,"menu_order":0,"comment_status":"closed","ping_status":"closed","template":"page-container-wide","meta":{"_EventAllDay":false,"_EventTimezone":"","_EventStartDate":"","_EventEndDate":"","_EventStartDateUTC":"","_EventEndDateUTC":"","_EventShowMap":false,"_EventShowMapLink":false,"_EventURL":"","_EventCost":"","_EventCostDescription":"","_EventCurrencySymbol":"","_EventCurrencyCode":"","_EventCurrencyPosition":"","_EventDateTimeSeparator":"","_EventTimeRangeSeparator":"","_EventOrganizerID":[],"_EventVenueID":[],"_OrganizerEmail":"","_OrganizerPhone":"","_OrganizerWebsite":"","_VenueAddress":"","_VenueCity":"","_VenueCountry":"","_VenueProvince":"","_VenueState":"","_VenueZip":"","_VenuePhone":"","_VenueURL":"","_VenueStateProvince":"","_VenueLat":"","_VenueLng":"","_VenueShowMap":false,"_VenueShowMapLink":false,"_joinchat":[],"footnotes":""},"class_list":["post-766","page","type-page","status-publish","hentry"],"_links":{"self":[{"href":"https:\/\/otcelche.es\/va\/wp-json\/wp\/v2\/pages\/766","targetHints":{"allow":["GET"]}}],"collection":[{"href":"https:\/\/otcelche.es\/va\/wp-json\/wp\/v2\/pages"}],"about":[{"href":"https:\/\/otcelche.es\/va\/wp-json\/wp\/v2\/types\/page"}],"author":[{"embeddable":true,"href":"https:\/\/otcelche.es\/va\/wp-json\/wp\/v2\/users\/2"}],"replies":[{"embeddable":true,"href":"https:\/\/otcelche.es\/va\/wp-json\/wp\/v2\/comments?post=766"}],"version-history":[{"count":97,"href":"https:\/\/otcelche.es\/va\/wp-json\/wp\/v2\/pages\/766\/revisions"}],"predecessor-version":[{"id":1745,"href":"https:\/\/otcelche.es\/va\/wp-json\/wp\/v2\/pages\/766\/revisions\/1745"}],"wp:attachment":[{"href":"https:\/\/otcelche.es\/va\/wp-json\/wp\/v2\/media?parent=766"}],"curies":[{"name":"wp","href":"https:\/\/api.w.org\/{rel}","templated":true}]}}