{"id":771,"date":"2025-03-12T13:59:08","date_gmt":"2025-03-12T12:59:08","guid":{"rendered":"https:\/\/otcelche.es\/?page_id=771"},"modified":"2025-03-14T09:47:28","modified_gmt":"2025-03-14T08:47:28","slug":"casos-exito","status":"publish","type":"page","link":"https:\/\/otcelche.es\/va\/casos-exito\/","title":{"rendered":"Casos de \u00e9xito"},"content":{"rendered":"<div data-elementor-type=\"wp-page\" data-elementor-id=\"771\" class=\"elementor elementor-771\" data-elementor-post-type=\"page\">\n\t\t\t\t<div class=\"elementor-element elementor-element-6b79bb1 e-flex e-con-boxed qodef-elementor-content-no e-con e-parent\" data-id=\"6b79bb1\" data-element_type=\"container\" data-e-type=\"container\">\n\t\t\t\t\t<div class=\"e-con-inner\">\n\t\t<div class=\"elementor-element elementor-element-47f82b0 e-con-full e-flex qodef-elementor-content-no e-con e-child\" data-id=\"47f82b0\" data-element_type=\"container\" data-e-type=\"container\">\n\t\t\t\t<\/div>\n\t\t<div class=\"elementor-element elementor-element-928d577 e-con-full e-flex qodef-elementor-content-no e-con e-child\" data-id=\"928d577\" data-element_type=\"container\" data-e-type=\"container\">\n\t\t\t\t<div class=\"elementor-element elementor-element-21db3a8 elementor-widget__width-inherit elementor-widget elementor-widget-text-editor\" data-id=\"21db3a8\" data-element_type=\"widget\" data-e-type=\"widget\" data-widget_type=\"text-editor.default\">\n\t\t\t\t<div class=\"elementor-widget-container\">\n\t\t\t\t\t\t\t\t\t<p data-sourcepos=\"1:1-1:282\"><span style=\"color: #ffffff;\">\u00a1Descubre c\u00f3mo Elche est\u00e1 liderando la transici\u00f3n energ\u00e9tica! En esta secci\u00f3n, te presentamos historias inspiradoras de ciudadanos, empresas y entidades locales que, con el apoyo de la OTC Elche, han logrado transformar su consumo energ\u00e9tico y contribuir a un futuro m\u00e1s sostenible.<\/span><\/p><p data-sourcepos=\"3:1-3:385\"><span style=\"color: #ffffff;\">Desde la creaci\u00f3n de comunidades energ\u00e9ticas locales hasta la implementaci\u00f3n de soluciones de eficiencia energ\u00e9tica en hogares y empresas, estos casos de \u00e9xito demuestran el impacto positivo que podemos lograr cuando trabajamos juntos por un objetivo com\u00fan. Sum\u00e9rgete en estas experiencias y descubre c\u00f3mo la OTC Elche puede ayudarte a alcanzar tus propios objetivos de sostenibilidad.<\/span><\/p>\t\t\t\t\t\t\t\t<\/div>\n\t\t\t\t<\/div>\n\t\t\t\t<\/div>\n\t\t<div class=\"elementor-element elementor-element-bcf0c4d e-con-full e-flex qodef-elementor-content-no e-con e-child\" data-id=\"bcf0c4d\" data-element_type=\"container\" data-e-type=\"container\">\n\t\t\t\t<\/div>\n\t\t\t\t\t<\/div>\n\t\t\t\t<\/div>\n\t\t<div class=\"elementor-element elementor-element-4953cd8 e-flex e-con-boxed qodef-elementor-content-no e-con e-parent\" data-id=\"4953cd8\" data-element_type=\"container\" data-e-type=\"container\" data-settings=\"{&quot;background_background&quot;:&quot;classic&quot;}\">\n\t\t\t\t\t<div class=\"e-con-inner\">\n\t\t\t\t\t<\/div>\n\t\t\t\t<\/div>\n\t\t\t\t<\/div>","protected":false},"excerpt":{"rendered":"<p>\u00a1Descubre c\u00f3mo Elche est\u00e1 liderando la transici\u00f3n energ\u00e9tica! En esta secci\u00f3n, te presentamos historias inspiradoras de ciudadanos, empresas y entidades locales que, con el apoyo de la OTC Elche, han [&hellip;]<\/p>","protected":false},"author":2,"featured_media":0,"parent":0,"menu_order":0,"comment_status":"closed","ping_status":"closed","template":"page-container-wide","meta":{"_EventAllDay":false,"_EventTimezone":"","_EventStartDate":"","_EventEndDate":"","_EventStartDateUTC":"","_EventEndDateUTC":"","_EventShowMap":false,"_EventShowMapLink":false,"_EventURL":"","_EventCost":"","_EventCostDescription":"","_EventCurrencySymbol":"","_EventCurrencyCode":"","_EventCurrencyPosition":"","_EventDateTimeSeparator":"","_EventTimeRangeSeparator":"","_EventOrganizerID":[],"_EventVenueID":[],"_OrganizerEmail":"","_OrganizerPhone":"","_OrganizerWebsite":"","_VenueAddress":"","_VenueCity":"","_VenueCountry":"","_VenueProvince":"","_VenueState":"","_VenueZip":"","_VenuePhone":"","_VenueURL":"","_VenueStateProvince":"","_VenueLat":"","_VenueLng":"","_VenueShowMap":false,"_VenueShowMapLink":false,"_joinchat":[],"footnotes":""},"class_list":["post-771","page","type-page","status-publish","hentry"],"_links":{"self":[{"href":"https:\/\/otcelche.es\/va\/wp-json\/wp\/v2\/pages\/771","targetHints":{"allow":["GET"]}}],"collection":[{"href":"https:\/\/otcelche.es\/va\/wp-json\/wp\/v2\/pages"}],"about":[{"href":"https:\/\/otcelche.es\/va\/wp-json\/wp\/v2\/types\/page"}],"author":[{"embeddable":true,"href":"https:\/\/otcelche.es\/va\/wp-json\/wp\/v2\/users\/2"}],"replies":[{"embeddable":true,"href":"https:\/\/otcelche.es\/va\/wp-json\/wp\/v2\/comments?post=771"}],"version-history":[{"count":7,"href":"https:\/\/otcelche.es\/va\/wp-json\/wp\/v2\/pages\/771\/revisions"}],"predecessor-version":[{"id":1041,"href":"https:\/\/otcelche.es\/va\/wp-json\/wp\/v2\/pages\/771\/revisions\/1041"}],"wp:attachment":[{"href":"https:\/\/otcelche.es\/va\/wp-json\/wp\/v2\/media?parent=771"}],"curies":[{"name":"wp","href":"https:\/\/api.w.org\/{rel}","templated":true}]}}